{"id":726,"date":"2021-12-02T17:03:00","date_gmt":"2021-12-02T16:03:00","guid":{"rendered":"https:\/\/csfit.prologic.sk\/?page_id=726"},"modified":"2021-12-02T17:03:00","modified_gmt":"2021-12-02T16:03:00","slug":"businessx-front-page","status":"publish","type":"page","link":"https:\/\/csfit.prologic.sk\/","title":{"rendered":"Businessx Front Page"},"content":{"rendered":"","protected":false},"excerpt":{"rendered":"","protected":false},"author":2,"featured_media":0,"parent":0,"menu_order":0,"comment_status":"closed","ping_status":"closed","template":"template-frontpage.php","meta":{"_monsterinsights_skip_tracking":false,"_monsterinsights_sitenote_active":false,"_monsterinsights_sitenote_note":"","_monsterinsights_sitenote_category":0,"spay_email":""},"yoast_head":"<!-- This site is optimized with the Yoast SEO plugin v17.7.1 - https:\/\/yoast.com\/wordpress\/plugins\/seo\/ -->\n<title>Businessx Front Page - Cyber Security for IT<\/title>\n<meta name=\"robots\" content=\"index, follow, max-snippet:-1, max-image-preview:large, max-video-preview:-1\" \/>\n<link rel=\"canonical\" href=\"https:\/\/csfit.prologic.sk\/\" \/>\n<meta property=\"og:locale\" content=\"sk_SK\" \/>\n<meta property=\"og:type\" content=\"article\" \/>\n<meta property=\"og:title\" content=\"Businessx Front Page - Cyber Security for IT\" \/>\n<meta property=\"og:url\" content=\"https:\/\/csfit.prologic.sk\/\" \/>\n<meta property=\"og:site_name\" content=\"Cyber Security for IT\" \/>\n<meta name=\"twitter:card\" content=\"summary_large_image\" \/>\n<script type=\"application\/ld+json\" class=\"yoast-schema-graph\">{\"@context\":\"https:\/\/schema.org\",\"@graph\":[{\"@type\":\"WebSite\",\"@id\":\"https:\/\/csfit.prologic.sk\/#website\",\"url\":\"https:\/\/csfit.prologic.sk\/\",\"name\":\"Cyber Security for IT\",\"description\":\"\",\"potentialAction\":[{\"@type\":\"SearchAction\",\"target\":{\"@type\":\"EntryPoint\",\"urlTemplate\":\"https:\/\/csfit.prologic.sk\/?s={search_term_string}\"},\"query-input\":\"required name=search_term_string\"}],\"inLanguage\":\"sk-SK\"},{\"@type\":\"WebPage\",\"@id\":\"https:\/\/csfit.prologic.sk\/#webpage\",\"url\":\"https:\/\/csfit.prologic.sk\/\",\"name\":\"Businessx Front Page - Cyber Security for IT\",\"isPartOf\":{\"@id\":\"https:\/\/csfit.prologic.sk\/#website\"},\"datePublished\":\"2021-12-02T16:03:00+00:00\",\"dateModified\":\"2021-12-02T16:03:00+00:00\",\"breadcrumb\":{\"@id\":\"https:\/\/csfit.prologic.sk\/#breadcrumb\"},\"inLanguage\":\"sk-SK\",\"potentialAction\":[{\"@type\":\"ReadAction\",\"target\":[\"https:\/\/csfit.prologic.sk\/\"]}]},{\"@type\":\"BreadcrumbList\",\"@id\":\"https:\/\/csfit.prologic.sk\/#breadcrumb\",\"itemListElement\":[{\"@type\":\"ListItem\",\"position\":1,\"name\":\"Home\",\"item\":\"https:\/\/csfit.prologic.sk\/\"},{\"@type\":\"ListItem\",\"position\":2,\"name\":\"Businessx Front Page\"}]}]}<\/script>\n<!-- \/ Yoast SEO plugin. -->","yoast_head_json":{"title":"Businessx Front Page - Cyber Security for IT","robots":{"index":"index","follow":"follow","max-snippet":"max-snippet:-1","max-image-preview":"max-image-preview:large","max-video-preview":"max-video-preview:-1"},"canonical":"https:\/\/csfit.prologic.sk\/","og_locale":"sk_SK","og_type":"article","og_title":"Businessx Front Page - Cyber Security for IT","og_url":"https:\/\/csfit.prologic.sk\/","og_site_name":"Cyber Security for IT","twitter_card":"summary_large_image","schema":{"@context":"https:\/\/schema.org","@graph":[{"@type":"WebSite","@id":"https:\/\/csfit.prologic.sk\/#website","url":"https:\/\/csfit.prologic.sk\/","name":"Cyber Security for IT","description":"","potentialAction":[{"@type":"SearchAction","target":{"@type":"EntryPoint","urlTemplate":"https:\/\/csfit.prologic.sk\/?s={search_term_string}"},"query-input":"required name=search_term_string"}],"inLanguage":"sk-SK"},{"@type":"WebPage","@id":"https:\/\/csfit.prologic.sk\/#webpage","url":"https:\/\/csfit.prologic.sk\/","name":"Businessx Front Page - Cyber Security for IT","isPartOf":{"@id":"https:\/\/csfit.prologic.sk\/#website"},"datePublished":"2021-12-02T16:03:00+00:00","dateModified":"2021-12-02T16:03:00+00:00","breadcrumb":{"@id":"https:\/\/csfit.prologic.sk\/#breadcrumb"},"inLanguage":"sk-SK","potentialAction":[{"@type":"ReadAction","target":["https:\/\/csfit.prologic.sk\/"]}]},{"@type":"BreadcrumbList","@id":"https:\/\/csfit.prologic.sk\/#breadcrumb","itemListElement":[{"@type":"ListItem","position":1,"name":"Home","item":"https:\/\/csfit.prologic.sk\/"},{"@type":"ListItem","position":2,"name":"Businessx Front Page"}]}]}},"jetpack-related-posts":[{"id":617,"url":"https:\/\/csfit.prologic.sk\/?page_id=617","url_meta":{"origin":726,"position":0},"title":"My front page","date":"25. okt\u00f3bra 2019","format":false,"excerpt":"O N\u00c1S Na\u0161ou v\u00edziou je v prvom rade komplexn\u00e1 ochrana va\u0161ich d\u00e1t a syst\u00e9mov pred digit\u00e1lnymi \u00fatokmi a hrozbami. Tak\u00fdto \u00fatok m\u00f4\u017ee preru\u0161i\u0165 dokonca a\u017e odstavi\u0165 va\u0161e be\u017en\u00e9 obchodn\u00e9 aktivity a syst\u00e9my, pr\u00edpadne z\u00edska\u0165 citliv\u00e9 inform\u00e1cie, \u010di u\u017e s\u00fa to obchodn\u00e9 alebo s\u00fakromne, a v neposlednom rade jednoducho vyl\u00e1ka\u0165 finan\u010dn\u00e9\u2026","rel":"","context":"Podobn\u00fd pr\u00edspevok","img":{"alt_text":"","src":"","width":0,"height":0},"classes":[]},{"id":616,"url":"https:\/\/csfit.prologic.sk\/?page_id=616","url_meta":{"origin":726,"position":1},"title":"Sample Page","date":"23. okt\u00f3bra 2019","format":false,"excerpt":"This is an example page. It's different from a blog post because it will stay in one place and will show up in your site navigation (in most themes). Most people start with an About page that introduces them to potential site visitors. It might say something like this: Hi\u2026","rel":"","context":"Podobn\u00fd pr\u00edspevok","img":{"alt_text":"","src":"","width":0,"height":0},"classes":[]},{"id":385,"url":"https:\/\/csfit.prologic.sk\/?page_id=385","url_meta":{"origin":726,"position":2},"title":"My blog page","date":"30. okt\u00f3bra 2019","format":false,"excerpt":"","rel":"","context":"Podobn\u00fd pr\u00edspevok","img":{"alt_text":"","src":"","width":0,"height":0},"classes":[]}],"_links":{"self":[{"href":"https:\/\/csfit.prologic.sk\/index.php?rest_route=\/wp\/v2\/pages\/726"}],"collection":[{"href":"https:\/\/csfit.prologic.sk\/index.php?rest_route=\/wp\/v2\/pages"}],"about":[{"href":"https:\/\/csfit.prologic.sk\/index.php?rest_route=\/wp\/v2\/types\/page"}],"author":[{"embeddable":true,"href":"https:\/\/csfit.prologic.sk\/index.php?rest_route=\/wp\/v2\/users\/2"}],"replies":[{"embeddable":true,"href":"https:\/\/csfit.prologic.sk\/index.php?rest_route=%2Fwp%2Fv2%2Fcomments&post=726"}],"version-history":[{"count":0,"href":"https:\/\/csfit.prologic.sk\/index.php?rest_route=\/wp\/v2\/pages\/726\/revisions"}],"wp:attachment":[{"href":"https:\/\/csfit.prologic.sk\/index.php?rest_route=%2Fwp%2Fv2%2Fmedia&parent=726"}],"curies":[{"name":"wp","href":"https:\/\/api.w.org\/{rel}","templated":true}]}}